{"id":646,"date":"2018-12-07T10:48:28","date_gmt":"2018-12-07T10:48:28","guid":{"rendered":"https:\/\/www.aceiteentrecaminos.com\/contacto\/"},"modified":"2023-10-09T12:56:06","modified_gmt":"2023-10-09T12:56:06","slug":"contact","status":"publish","type":"page","link":"https:\/\/www.aceiteentrecaminos.com\/en\/contact\/","title":{"rendered":"Contact"},"content":{"rendered":"<p>[et_pb_section fb_built=&#8221;1&#8243; fullwidth=&#8221;on&#8221; _builder_version=&#8221;4.16&#8243; global_colors_info=&#8221;{}&#8221;][et_pb_fullwidth_map address=&#8221;41590 La Roda de Andaluc\u00eda, Sevilla, Espa\u00f1a&#8221; address_lat=&#8221;37.2013385&#8243; address_lng=&#8221;-4.7786378000000695&#8243; mouse_wheel=&#8221;off&#8221; _builder_version=&#8221;4.16&#8243; global_colors_info=&#8221;{}&#8221;][et_pb_map_pin title=&#8221;ESCALERA \u00c1LVAREZ S.A.T&#8221; pin_address=&#8221;41590 La Roda de Andaluc\u00eda, Sevilla, Espa\u00f1a&#8221; pin_address_lat=&#8221;37.2013385&#8243; pin_address_lng=&#8221;-4.7786378000000695&#8243; _builder_version=&#8221;3.21&#8243; global_colors_info=&#8221;{}&#8221;]<\/p>\n<p>La Roda de Andaluc\u00eda (Seville) <br \/><strong>SPAIN<br \/><\/strong><\/p>\n<p>[\/et_pb_map_pin][\/et_pb_fullwidth_map][\/et_pb_section][et_pb_section fb_built=&#8221;1&#8243; _builder_version=&#8221;4.16&#8243; global_colors_info=&#8221;{}&#8221;][et_pb_row _builder_version=&#8221;4.16&#8243; background_size=&#8221;initial&#8221; background_position=&#8221;top_left&#8221; background_repeat=&#8221;repeat&#8221; global_colors_info=&#8221;{}&#8221; column_structure=&#8221;1_2,1_2&#8243;][et_pb_column type=&#8221;1_2&#8243; _builder_version=&#8221;4.16&#8243; custom_padding=&#8221;|||&#8221; global_colors_info=&#8221;{}&#8221; custom_padding__hover=&#8221;|||&#8221;][et_pb_text _builder_version=&#8221;4.16&#8243; global_colors_info=&#8221;{}&#8221;]<\/p>\n<p><strong>ESCALERA \u00c1LVAREZ S.A.T<br \/><\/strong>La Roda de Andaluc\u00eda (Seville) <br \/>SPAIN<br \/>www.aceiteentrecaminos.com<br \/>info@aceiteentrecaminos.com<\/p>\n<p><strong>Isabel<\/strong><br \/>Telf.: +34 654 102 750<\/p>\n<p><strong>Juan Francisco<\/strong><br \/>Telf.: +34 620 640 325<\/p>\n<p>[\/et_pb_text][\/et_pb_column][et_pb_column type=&#8221;1_2&#8243; _builder_version=&#8221;4.16&#8243; custom_padding=&#8221;|||&#8221; global_colors_info=&#8221;{}&#8221; custom_padding__hover=&#8221;|||&#8221;][et_pb_text _builder_version=&#8221;4.22.2&#8243; hover_enabled=&#8221;0&#8243; global_colors_info=&#8221;{}&#8221; sticky_enabled=&#8221;0&#8243;]<\/p>\n\n<div class=\"wpcf7 no-js\" id=\"wpcf7-f650-o1\" lang=\"en-US\" dir=\"ltr\" data-wpcf7-id=\"650\">\n<div class=\"screen-reader-response\"><p role=\"status\" aria-live=\"polite\" aria-atomic=\"true\"><\/p> <ul><\/ul><\/div>\n<form action=\"\/en\/wp-json\/wp\/v2\/pages\/646#wpcf7-f650-o1\" method=\"post\" class=\"wpcf7-form init wpcf7-acceptance-as-validation\" aria-label=\"Contact form\" novalidate=\"novalidate\" data-status=\"init\">\n<fieldset class=\"hidden-fields-container\"><input type=\"hidden\" name=\"_wpcf7\" value=\"650\" \/><input type=\"hidden\" name=\"_wpcf7_version\" value=\"6.1.5\" \/><input type=\"hidden\" name=\"_wpcf7_locale\" value=\"en_US\" \/><input type=\"hidden\" name=\"_wpcf7_unit_tag\" value=\"wpcf7-f650-o1\" \/><input type=\"hidden\" name=\"_wpcf7_container_post\" value=\"0\" \/><input type=\"hidden\" name=\"_wpcf7_posted_data_hash\" value=\"\" \/><input type=\"hidden\" name=\"_wpcf7_recaptcha_response\" value=\"\" \/>\n<\/fieldset>\n<div class=\"et_pb_contact\">\n\t<div class=\"et_pb_contact_form\">\n\t\t<p  class=\"et_pb_contact_field et_pb_contact_field_last\"><br \/>\n<label> Name *<br \/>\n<span class=\"wpcf7-form-control-wrap\" data-name=\"your-name\"><input size=\"40\" maxlength=\"400\" class=\"wpcf7-form-control wpcf7-text wpcf7-validates-as-required\" aria-required=\"true\" aria-invalid=\"false\" value=\"\" type=\"text\" name=\"your-name\" \/><\/span> <\/label>\n\t\t<\/p>\n\t\t<p class=\"et_pb_contact_field et_pb_contact_field_half\"><br \/>\n<label> Email *<br \/>\n<span class=\"wpcf7-form-control-wrap\" data-name=\"your-email\"><input size=\"40\" maxlength=\"400\" class=\"wpcf7-form-control wpcf7-email wpcf7-validates-as-required wpcf7-text wpcf7-validates-as-email\" aria-required=\"true\" aria-invalid=\"false\" value=\"\" type=\"email\" name=\"your-email\" \/><\/span> <\/label>\n\t\t<\/p>\n\t\t<p class=\"et_pb_contact_field et_pb_contact_field_half et_pb_contact_field_last\"><br \/>\n<label> Subject<br \/>\n<span class=\"wpcf7-form-control-wrap\" data-name=\"your-subject\"><input size=\"40\" maxlength=\"400\" class=\"wpcf7-form-control wpcf7-text\" aria-invalid=\"false\" value=\"\" type=\"text\" name=\"your-subject\" \/><\/span> <\/label>\n\t\t<\/p>\n\t\t<p class=\"et_pb_contact_field et_pb_contact_field_last\"><br \/>\n<label> Message<br \/>\n<span class=\"wpcf7-form-control-wrap\" data-name=\"your-message\"><textarea cols=\"40\" rows=\"10\" maxlength=\"2000\" class=\"wpcf7-form-control wpcf7-textarea\" aria-invalid=\"false\" name=\"your-message\"><\/textarea><\/span> <\/label>\n\t\t<\/p>\n\t<\/div>\n<\/div>\n<p><span class=\"wpcf7-form-control-wrap\" data-name=\"acceptance-842\"><span class=\"wpcf7-form-control wpcf7-acceptance\"><span class=\"wpcf7-list-item\"><label><input type=\"checkbox\" name=\"acceptance-842\" value=\"1\" aria-invalid=\"false\" \/><span class=\"wpcf7-list-item-label\">I have read and I accept the <a href=\"http:\/\/aceiteentrecaminos.com\/politica-de-privacidad\/\">Privacy Policy<\/a>.<\/span><\/label><\/span><\/span><\/span>\n<\/p>\n<p><span class=\"wpcf7-form-control-wrap\" data-name=\"checkbox-14\"><span class=\"wpcf7-form-control wpcf7-checkbox\"><span class=\"wpcf7-list-item first last\"><input type=\"checkbox\" name=\"checkbox-14[]\" value=\"Yes, I would like to receive commercial information\" \/><span class=\"wpcf7-list-item-label\">Yes, I would like to receive commercial information<\/span><\/span><\/span><\/span>\n<\/p>\n<div class=\"et_contact_bottom_container\">\n\t<p><input class=\"wpcf7-form-control wpcf7-submit has-spinner et_pb_contact_submit et_pb_button\" type=\"submit\" value=\"Submit\" \/>\n\t<\/p>\n<\/div><div class=\"wpcf7-response-output\" aria-hidden=\"true\"><\/div>\n<\/form>\n<\/div>\n\n<p>[\/et_pb_text][\/et_pb_column][\/et_pb_row][\/et_pb_section]<\/p>\n","protected":false},"excerpt":{"rendered":"<p>La Roda de Andaluc\u00eda (Seville) SPAIN ESCALERA \u00c1LVAREZ S.A.TLa Roda de Andaluc\u00eda (Seville) SPAINwww.aceiteentrecaminos.cominfo@aceiteentrecaminos.comIsabelTelf.: +34 654 102 750Juan FranciscoTelf.: +34 620 640 325 \n<div class=\"wpcf7 no-js\" id=\"wpcf7-f650-o2\" lang=\"en-US\" dir=\"ltr\" data-wpcf7-id=\"650\">\n<div class=\"screen-reader-response\"><p role=\"status\" aria-live=\"polite\" aria-atomic=\"true\"><\/p> <ul><\/ul><\/div>\n<form action=\"\/en\/wp-json\/wp\/v2\/pages\/646#wpcf7-f650-o2\" method=\"post\" class=\"wpcf7-form init wpcf7-acceptance-as-validation\" aria-label=\"Contact form\" novalidate=\"novalidate\" data-status=\"init\">\n<fieldset class=\"hidden-fields-container\"><input type=\"hidden\" name=\"_wpcf7\" value=\"650\" \/><input type=\"hidden\" name=\"_wpcf7_version\" value=\"6.1.5\" \/><input type=\"hidden\" name=\"_wpcf7_locale\" value=\"en_US\" \/><input type=\"hidden\" name=\"_wpcf7_unit_tag\" value=\"wpcf7-f650-o2\" \/><input type=\"hidden\" name=\"_wpcf7_container_post\" value=\"0\" \/><input type=\"hidden\" name=\"_wpcf7_posted_data_hash\" value=\"\" \/><input type=\"hidden\" name=\"_wpcf7_recaptcha_response\" value=\"\" \/>\n<\/fieldset>\n<div class=\"et_pb_contact\">\n\t<div class=\"et_pb_contact_form\">\n\t\t<p  class=\"et_pb_contact_field et_pb_contact_field_last\"><br \/>\n<label> Name *<br \/>\n<span class=\"wpcf7-form-control-wrap\" data-name=\"your-name\"><input size=\"40\" maxlength=\"400\" class=\"wpcf7-form-control wpcf7-text wpcf7-validates-as-required\" aria-required=\"true\" aria-invalid=\"false\" value=\"\" type=\"text\" name=\"your-name\" \/><\/span> <\/label>\n\t\t<\/p>\n\t\t<p class=\"et_pb_contact_field et_pb_contact_field_half\"><br \/>\n<label> Email *<br \/>\n<span class=\"wpcf7-form-control-wrap\" data-name=\"your-email\"><input size=\"40\" maxlength=\"400\" class=\"wpcf7-form-control wpcf7-email wpcf7-validates-as-required wpcf7-text wpcf7-validates-as-email\" aria-required=\"true\" aria-invalid=\"false\" value=\"\" type=\"email\" name=\"your-email\" \/><\/span> <\/label>\n\t\t<\/p>\n\t\t<p class=\"et_pb_contact_field et_pb_contact_field_half et_pb_contact_field_last\"><br \/>\n<label> Subject<br \/>\n<span class=\"wpcf7-form-control-wrap\" data-name=\"your-subject\"><input size=\"40\" maxlength=\"400\" class=\"wpcf7-form-control wpcf7-text\" aria-invalid=\"false\" value=\"\" type=\"text\" name=\"your-subject\" \/><\/span> <\/label>\n\t\t<\/p>\n\t\t<p class=\"et_pb_contact_field et_pb_contact_field_last\"><br \/>\n<label> Message<br \/>\n<span class=\"wpcf7-form-control-wrap\" data-name=\"your-message\"><textarea cols=\"40\" rows=\"10\" maxlength=\"2000\" class=\"wpcf7-form-control wpcf7-textarea\" aria-invalid=\"false\" name=\"your-message\"><\/textarea><\/span> <\/label>\n\t\t<\/p>\n\t<\/div>\n<\/div>\n<p><span class=\"wpcf7-form-control-wrap\" data-name=\"acceptance-842\"><span class=\"wpcf7-form-control wpcf7-acceptance\"><span class=\"wpcf7-list-item\"><label><input type=\"checkbox\" name=\"acceptance-842\" value=\"1\" aria-invalid=\"false\" \/><span class=\"wpcf7-list-item-label\">I have read and I accept the <a href=\"http:\/\/aceiteentrecaminos.com\/politica-de-privacidad\/\">Privacy Policy<\/a>.<\/span><\/label><\/span><\/span><\/span>\n<\/p>\n<p><span class=\"wpcf7-form-control-wrap\" data-name=\"checkbox-14\"><span class=\"wpcf7-form-control wpcf7-checkbox\"><span class=\"wpcf7-list-item first last\"><input type=\"checkbox\" name=\"checkbox-14[]\" value=\"Yes, I would like to receive commercial information\" \/><span class=\"wpcf7-list-item-label\">Yes, I would like to receive commercial information<\/span><\/span><\/span><\/span>\n<\/p>\n<div class=\"et_contact_bottom_container\">\n\t<p><input class=\"wpcf7-form-control wpcf7-submit has-spinner et_pb_contact_submit et_pb_button\" type=\"submit\" value=\"Submit\" \/>\n\t<\/p>\n<\/div><div class=\"wpcf7-response-output\" aria-hidden=\"true\"><\/div>\n<\/form>\n<\/div>\n<\/p>\n","protected":false},"author":1,"featured_media":0,"parent":0,"menu_order":0,"comment_status":"closed","ping_status":"closed","template":"","meta":{"_et_pb_use_builder":"on","_et_pb_old_content":"","_et_gb_content_width":"","footnotes":""},"class_list":["post-646","page","type-page","status-publish","hentry"],"yoast_head":"<!-- This site is optimized with the Yoast SEO plugin v27.6 - https:\/\/yoast.com\/product\/yoast-seo-wordpress\/ -->\n<title>Contact - Aceite Entre caminos<\/title>\n<meta name=\"robots\" content=\"index, follow, max-snippet:-1, max-image-preview:large, max-video-preview:-1\" \/>\n<link rel=\"canonical\" href=\"https:\/\/www.aceiteentrecaminos.com\/en\/contact\/\" \/>\n<meta property=\"og:locale\" content=\"en_US\" \/>\n<meta property=\"og:type\" content=\"article\" \/>\n<meta property=\"og:title\" content=\"Contact - Aceite Entre caminos\" \/>\n<meta property=\"og:description\" content=\"La Roda de Andaluc\u00eda (Seville) SPAIN ESCALERA \u00c1LVAREZ S.A.TLa Roda de Andaluc\u00eda (Seville) SPAINwww.aceiteentrecaminos.cominfo@aceiteentrecaminos.comIsabelTelf.: +34 654 102 750Juan FranciscoTelf.: +34 620 640 325\" \/>\n<meta property=\"og:url\" content=\"https:\/\/www.aceiteentrecaminos.com\/en\/contact\/\" \/>\n<meta property=\"og:site_name\" content=\"Aceite Entre caminos\" \/>\n<meta property=\"article:modified_time\" content=\"2023-10-09T12:56:06+00:00\" \/>\n<meta name=\"twitter:card\" content=\"summary_large_image\" \/>\n<meta name=\"twitter:label1\" content=\"Est. reading time\" \/>\n\t<meta name=\"twitter:data1\" content=\"1 minute\" \/>\n<script type=\"application\/ld+json\" class=\"yoast-schema-graph\">{\"@context\":\"https:\\\/\\\/schema.org\",\"@graph\":[{\"@type\":\"WebPage\",\"@id\":\"https:\\\/\\\/www.aceiteentrecaminos.com\\\/en\\\/contact\\\/\",\"url\":\"https:\\\/\\\/www.aceiteentrecaminos.com\\\/en\\\/contact\\\/\",\"name\":\"Contact - Aceite Entre caminos\",\"isPartOf\":{\"@id\":\"https:\\\/\\\/www.aceiteentrecaminos.com\\\/en\\\/#website\"},\"datePublished\":\"2018-12-07T10:48:28+00:00\",\"dateModified\":\"2023-10-09T12:56:06+00:00\",\"breadcrumb\":{\"@id\":\"https:\\\/\\\/www.aceiteentrecaminos.com\\\/en\\\/contact\\\/#breadcrumb\"},\"inLanguage\":\"en-US\",\"potentialAction\":[{\"@type\":\"ReadAction\",\"target\":[\"https:\\\/\\\/www.aceiteentrecaminos.com\\\/en\\\/contact\\\/\"]}]},{\"@type\":\"BreadcrumbList\",\"@id\":\"https:\\\/\\\/www.aceiteentrecaminos.com\\\/en\\\/contact\\\/#breadcrumb\",\"itemListElement\":[{\"@type\":\"ListItem\",\"position\":1,\"name\":\"Portada\",\"item\":\"https:\\\/\\\/www.aceiteentrecaminos.com\\\/en\\\/\"},{\"@type\":\"ListItem\",\"position\":2,\"name\":\"Contact\"}]},{\"@type\":\"WebSite\",\"@id\":\"https:\\\/\\\/www.aceiteentrecaminos.com\\\/en\\\/#website\",\"url\":\"https:\\\/\\\/www.aceiteentrecaminos.com\\\/en\\\/\",\"name\":\"Aceite Entre caminos\",\"description\":\"Aceite de Oliva Virgen Extra Ecol\u00f3gico\",\"potentialAction\":[{\"@type\":\"SearchAction\",\"target\":{\"@type\":\"EntryPoint\",\"urlTemplate\":\"https:\\\/\\\/www.aceiteentrecaminos.com\\\/en\\\/?s={search_term_string}\"},\"query-input\":{\"@type\":\"PropertyValueSpecification\",\"valueRequired\":true,\"valueName\":\"search_term_string\"}}],\"inLanguage\":\"en-US\"}]}<\/script>\n<!-- \/ Yoast SEO plugin. -->","yoast_head_json":{"title":"Contact - Aceite Entre caminos","robots":{"index":"index","follow":"follow","max-snippet":"max-snippet:-1","max-image-preview":"max-image-preview:large","max-video-preview":"max-video-preview:-1"},"canonical":"https:\/\/www.aceiteentrecaminos.com\/en\/contact\/","og_locale":"en_US","og_type":"article","og_title":"Contact - Aceite Entre caminos","og_description":"La Roda de Andaluc\u00eda (Seville) SPAIN ESCALERA \u00c1LVAREZ S.A.TLa Roda de Andaluc\u00eda (Seville) SPAINwww.aceiteentrecaminos.cominfo@aceiteentrecaminos.comIsabelTelf.: +34 654 102 750Juan FranciscoTelf.: +34 620 640 325","og_url":"https:\/\/www.aceiteentrecaminos.com\/en\/contact\/","og_site_name":"Aceite Entre caminos","article_modified_time":"2023-10-09T12:56:06+00:00","twitter_card":"summary_large_image","twitter_misc":{"Est. reading time":"1 minute"},"schema":{"@context":"https:\/\/schema.org","@graph":[{"@type":"WebPage","@id":"https:\/\/www.aceiteentrecaminos.com\/en\/contact\/","url":"https:\/\/www.aceiteentrecaminos.com\/en\/contact\/","name":"Contact - Aceite Entre caminos","isPartOf":{"@id":"https:\/\/www.aceiteentrecaminos.com\/en\/#website"},"datePublished":"2018-12-07T10:48:28+00:00","dateModified":"2023-10-09T12:56:06+00:00","breadcrumb":{"@id":"https:\/\/www.aceiteentrecaminos.com\/en\/contact\/#breadcrumb"},"inLanguage":"en-US","potentialAction":[{"@type":"ReadAction","target":["https:\/\/www.aceiteentrecaminos.com\/en\/contact\/"]}]},{"@type":"BreadcrumbList","@id":"https:\/\/www.aceiteentrecaminos.com\/en\/contact\/#breadcrumb","itemListElement":[{"@type":"ListItem","position":1,"name":"Portada","item":"https:\/\/www.aceiteentrecaminos.com\/en\/"},{"@type":"ListItem","position":2,"name":"Contact"}]},{"@type":"WebSite","@id":"https:\/\/www.aceiteentrecaminos.com\/en\/#website","url":"https:\/\/www.aceiteentrecaminos.com\/en\/","name":"Aceite Entre caminos","description":"Aceite de Oliva Virgen Extra Ecol\u00f3gico","potentialAction":[{"@type":"SearchAction","target":{"@type":"EntryPoint","urlTemplate":"https:\/\/www.aceiteentrecaminos.com\/en\/?s={search_term_string}"},"query-input":{"@type":"PropertyValueSpecification","valueRequired":true,"valueName":"search_term_string"}}],"inLanguage":"en-US"}]}},"_links":{"self":[{"href":"https:\/\/www.aceiteentrecaminos.com\/en\/wp-json\/wp\/v2\/pages\/646","targetHints":{"allow":["GET"]}}],"collection":[{"href":"https:\/\/www.aceiteentrecaminos.com\/en\/wp-json\/wp\/v2\/pages"}],"about":[{"href":"https:\/\/www.aceiteentrecaminos.com\/en\/wp-json\/wp\/v2\/types\/page"}],"author":[{"embeddable":true,"href":"https:\/\/www.aceiteentrecaminos.com\/en\/wp-json\/wp\/v2\/users\/1"}],"replies":[{"embeddable":true,"href":"https:\/\/www.aceiteentrecaminos.com\/en\/wp-json\/wp\/v2\/comments?post=646"}],"version-history":[{"count":3,"href":"https:\/\/www.aceiteentrecaminos.com\/en\/wp-json\/wp\/v2\/pages\/646\/revisions"}],"predecessor-version":[{"id":764,"href":"https:\/\/www.aceiteentrecaminos.com\/en\/wp-json\/wp\/v2\/pages\/646\/revisions\/764"}],"wp:attachment":[{"href":"https:\/\/www.aceiteentrecaminos.com\/en\/wp-json\/wp\/v2\/media?parent=646"}],"curies":[{"name":"wp","href":"https:\/\/api.w.org\/{rel}","templated":true}]}}