{"id":600,"date":"2018-12-07T11:42:18","date_gmt":"2018-12-07T11:42:18","guid":{"rendered":"https:\/\/www.aceiteentrecaminos.com\/inicio\/"},"modified":"2019-03-15T12:54:16","modified_gmt":"2019-03-15T12:54:16","slug":"inicio","status":"publish","type":"page","link":"https:\/\/www.aceiteentrecaminos.com\/en\/","title":{"rendered":"HOME"},"content":{"rendered":"<p>[et_pb_section bb_built=&#8221;1&#8243; fullwidth=&#8221;on&#8221; next_background_color=&#8221;#eaeae5&#8243; _builder_version=&#8221;3.19.10&#8243;][et_pb_fullwidth_slider _builder_version=&#8221;3.19.12&#8243; custom_padding=&#8221;30%||30%|&#8221; auto=&#8221;on&#8221; auto_speed=&#8221;3000&#8243; auto_ignore_hover=&#8221;on&#8221;][et_pb_slide use_bg_overlay=&#8221;off&#8221; use_text_overlay=&#8221;off&#8221; _builder_version=&#8221;3.19.12&#8243; background_color=&#8221;#9a4641&#8243; background_image=&#8221;https:\/\/www.aceiteentrecaminos.com\/wp-content\/uploads\/2019\/02\/banner_2.jpg&#8221; button_on_hover=&#8221;on&#8221;][\/et_pb_slide][et_pb_slide use_bg_overlay=&#8221;off&#8221; use_text_overlay=&#8221;off&#8221; _builder_version=&#8221;3.19.12&#8243; background_color=&#8221;#9a4641&#8243; background_image=&#8221;https:\/\/www.aceiteentrecaminos.com\/wp-content\/uploads\/2019\/02\/banner_1.jpg&#8221; button_on_hover=&#8221;on&#8221; child_mix_blend_mode=&#8221;multiply&#8221;][\/et_pb_slide][et_pb_slide use_bg_overlay=&#8221;off&#8221; use_text_overlay=&#8221;off&#8221; _builder_version=&#8221;3.19.12&#8243; background_color=&#8221;#9a4641&#8243; background_image=&#8221;https:\/\/www.aceiteentrecaminos.com\/wp-content\/uploads\/2019\/02\/banner_4b.jpg&#8221; button_on_hover=&#8221;on&#8221;][\/et_pb_slide][et_pb_slide use_bg_overlay=&#8221;off&#8221; use_text_overlay=&#8221;off&#8221; _builder_version=&#8221;3.19.12&#8243; background_color=&#8221;#9a4641&#8243; background_image=&#8221;https:\/\/www.aceiteentrecaminos.com\/wp-content\/uploads\/2019\/02\/banner_3b.jpg&#8221; button_on_hover=&#8221;on&#8221;][\/et_pb_slide][\/et_pb_fullwidth_slider][\/et_pb_section][et_pb_section bb_built=&#8221;1&#8243; prev_background_color=&#8221;#ffffff&#8221; next_background_color=&#8221;#f9f9f4&#8243; module_class=&#8221;franjas_ajustadas&#8221; _builder_version=&#8221;3.19.12&#8243; background_color=&#8221;#eaeae5&#8243; background_image=&#8221;https:\/\/www.aceiteentrecaminos.com\/wp-content\/uploads\/2019\/01\/banner_01d.jpg&#8221; parallax=&#8221;on&#8221; animation_style=&#8221;fade&#8221;][et_pb_row make_fullwidth=&#8221;on&#8221; use_custom_gutter=&#8221;on&#8221; gutter_width=&#8221;1&#8243; _builder_version=&#8221;3.19.12&#8243;][et_pb_column type=&#8221;1_3&#8243;][et_pb_text _builder_version=&#8221;3.21&#8243; background_layout=&#8221;dark&#8221; custom_margin=&#8221;35%||35%|20%&#8221; custom_margin_tablet=&#8221;5%|5%|5%|5%&#8221; custom_margin_last_edited=&#8221;on|tablet&#8221; animation_style=&#8221;zoom&#8221;]<\/p>\n<p>Our organic extra virgin olive oil is made from olives harvested early in the season and grown in our own olive groves. It has a slightly bitter taste with a subtle yet intense spiciness, and boasts an extremely balanced proportion of oleic acids and antioxidants.<\/p>\n<p>[\/et_pb_text][\/et_pb_column][et_pb_column type=&#8221;1_3&#8243;][\/et_pb_column][et_pb_column type=&#8221;1_3&#8243;][\/et_pb_column][\/et_pb_row][\/et_pb_section][et_pb_section bb_built=&#8221;1&#8243; prev_background_color=&#8221;#eaeae5&#8243; next_background_color=&#8221;#bc4744&#8243; module_class=&#8221;franjas_ajustadas&#8221; _builder_version=&#8221;3.19.12&#8243; background_color=&#8221;#f9f9f4&#8243; background_image=&#8221;https:\/\/www.aceiteentrecaminos.com\/wp-content\/uploads\/2019\/01\/banner_03c.jpg&#8221; background_size=&#8221;contain&#8221; background_position=&#8221;center_right&#8221; box_shadow_style=&#8221;preset6&#8243; box_shadow_vertical=&#8221;2px&#8221; box_shadow_blur=&#8221;10px&#8221; box_shadow_spread=&#8221;3px&#8221; box_shadow_color=&#8221;rgba(160,160,160,0.29)&#8221; animation_style=&#8221;fade&#8221;][et_pb_row make_fullwidth=&#8221;on&#8221; use_custom_gutter=&#8221;on&#8221; gutter_width=&#8221;1&#8243; _builder_version=&#8221;3.19.12&#8243;][et_pb_column type=&#8221;1_2&#8243;][et_pb_gallery gallery_ids=&#8221;601&#8243; fullwidth=&#8221;on&#8221; _builder_version=&#8221;3.19.10&#8243; animation_style=&#8221;fade&#8221; auto=&#8221;on&#8221; auto_speed=&#8221;3000&#8243;]<\/p>\n<p>\n&nbsp;<\/p>\n<p>[\/et_pb_gallery][\/et_pb_column][et_pb_column type=&#8221;1_2&#8243;][et_pb_text _builder_version=&#8221;3.21&#8243; custom_margin=&#8221;15%|35%|15%|15%&#8221; custom_margin_tablet=&#8221;5%|5%|5%|5%&#8221; custom_margin_last_edited=&#8221;on|desktop&#8221; animation_style=&#8221;zoom&#8221;]<\/p>\n<h1>Our company<\/h1>\n<p>Our company is a family firm. Although we are a relatively young company, we have many years of experience in this sector.<\/p>\n<p><a href=\"https:\/\/www.aceiteentrecaminos.com\/en\/the-company\/\"><strong>READ MORE<\/strong><\/a><\/p>\n<p>[\/et_pb_text][\/et_pb_column][\/et_pb_row][\/et_pb_section][et_pb_section bb_built=&#8221;1&#8243; prev_background_color=&#8221;#f9f9f4&#8243; next_background_color=&#8221;#f9f9f4&#8243; module_class=&#8221;franjas_ajustadas&#8221; _builder_version=&#8221;3.19.9&#8243; background_color=&#8221;#bc4744&#8243; background_image=&#8221;https:\/\/www.aceiteentrecaminos.com\/wp-content\/uploads\/2019\/01\/banner_02d.jpg&#8221; background_size=&#8221;contain&#8221; background_position=&#8221;top_left&#8221; box_shadow_style=&#8221;preset6&#8243; box_shadow_vertical=&#8221;2px&#8221; box_shadow_blur=&#8221;10px&#8221; box_shadow_spread=&#8221;3px&#8221; box_shadow_color=&#8221;rgba(160,160,160,0.29)&#8221; animation_style=&#8221;fade&#8221;][et_pb_row make_fullwidth=&#8221;on&#8221; use_custom_gutter=&#8221;on&#8221; gutter_width=&#8221;1&#8243; make_equal=&#8221;on&#8221; _builder_version=&#8221;3.19.9&#8243; background_position=&#8221;top_left&#8221;][et_pb_column type=&#8221;1_2&#8243;][et_pb_text _builder_version=&#8221;3.21&#8243; header_text_align=&#8221;right&#8221; text_orientation=&#8221;right&#8221; background_layout=&#8221;dark&#8221; custom_margin=&#8221;15%|15%|15%|35%&#8221; custom_margin_tablet=&#8221;5%|5%|5%|5%&#8221; custom_margin_last_edited=&#8221;on|phone&#8221; animation_style=&#8221;zoom&#8221;]<\/p>\n<h1>Our estate and surroundings<\/h1>\n<p>We have 90 hectares of organic olive groves. All of our olives are cultivated intensively using traditional methods, and all our produce is of the Hojiblanca variety.<\/p>\n<p><a href=\"https:\/\/www.aceiteentrecaminos.com\/en\/our-estate-and-surroundings\/\"><span style=\"color: #ffffff;\"><strong>READ MORE<\/strong><\/span><\/a><\/p>\n<p>[\/et_pb_text][\/et_pb_column][et_pb_column type=&#8221;1_2&#8243;][et_pb_gallery gallery_ids=&#8221;618&#8243; fullwidth=&#8221;on&#8221; _builder_version=&#8221;3.21&#8243; animation_style=&#8221;fade&#8221; auto=&#8221;on&#8221; auto_speed=&#8221;3000&#8243;]<\/p>\n<p>\n&nbsp;<\/p>\n<p>[\/et_pb_gallery][\/et_pb_column][\/et_pb_row][\/et_pb_section][et_pb_section bb_built=&#8221;1&#8243; prev_background_color=&#8221;#bc4744&#8243; module_class=&#8221;franjas_ajustadas&#8221; _builder_version=&#8221;3.19.9&#8243; background_color=&#8221;#f9f9f4&#8243; background_image=&#8221;https:\/\/www.aceiteentrecaminos.com\/wp-content\/uploads\/2019\/01\/banner_04.jpg&#8221; background_size=&#8221;contain&#8221; background_position=&#8221;center_right&#8221; box_shadow_style=&#8221;preset6&#8243; box_shadow_vertical=&#8221;2px&#8221; box_shadow_blur=&#8221;10px&#8221; box_shadow_spread=&#8221;3px&#8221; box_shadow_color=&#8221;rgba(160,160,160,0.29)&#8221; animation_style=&#8221;fade&#8221;][et_pb_row make_fullwidth=&#8221;on&#8221; use_custom_gutter=&#8221;on&#8221; gutter_width=&#8221;1&#8243; _builder_version=&#8221;3.17.3&#8243;][et_pb_column type=&#8221;1_2&#8243;][et_pb_gallery gallery_ids=&#8221;611&#8243; fullwidth=&#8221;on&#8221; _builder_version=&#8221;3.19.10&#8243; animation_style=&#8221;fade&#8221; auto=&#8221;on&#8221; auto_speed=&#8221;3000&#8243;]<\/p>\n<p>\n&nbsp;<\/p>\n<p>[\/et_pb_gallery][\/et_pb_column][et_pb_column type=&#8221;1_2&#8243;][et_pb_text _builder_version=&#8221;3.21&#8243; custom_margin=&#8221;15%|35%|15%|15%&#8221; custom_margin_tablet=&#8221;5%|5%|5%|5%&#8221; custom_margin_last_edited=&#8221;on|desktop&#8221; animation_style=&#8221;zoom&#8221;]<\/p>\n<h1>Our products<\/h1>\n<p>All of the olive oil we produce is made from olives of the Hojiblanca variety. The name of this olive derives from the colour of its leaves (hojas), the underside of which are white (blancas).<\/p>\n<p><a href=\"https:\/\/www.aceiteentrecaminos.com\/productos\/\"><strong>READ MORE<\/strong><\/a><\/p>\n<p>[\/et_pb_text][\/et_pb_column][\/et_pb_row][\/et_pb_section]<\/p>\n","protected":false},"excerpt":{"rendered":"<p>Our organic extra virgin olive oil is made from olives harvested early in the season and grown in our own olive groves. It has a slightly bitter taste with a subtle yet intense spiciness, and boasts an extremely balanced proportion of oleic acids and antioxidants. &nbsp; Our company Our company is a family firm. Although [&hellip;]<\/p>\n","protected":false},"author":1,"featured_media":0,"parent":0,"menu_order":0,"comment_status":"closed","ping_status":"closed","template":"","meta":{"_et_pb_use_builder":"on","_et_pb_old_content":"","_et_gb_content_width":"","footnotes":""},"class_list":["post-600","page","type-page","status-publish","hentry"],"yoast_head":"<!-- This site is optimized with the Yoast SEO plugin v27.6 - https:\/\/yoast.com\/product\/yoast-seo-wordpress\/ -->\n<title>ENTRE CAMINOS - Aceite de Oliva Virgen Extra Ecol\u00f3gico<\/title>\n<meta name=\"description\" content=\"Nuestro aceite de oliva virgen extra ecol\u00f3gico de producci\u00f3n propia temprana, tiene un sabor ligeramente amargo, con un toque picante algo m\u00e1s intenso, junto con la composici\u00f3n de \u00e1cido oleico y antioxidantes muy equilibrados.\" \/>\n<meta name=\"robots\" content=\"index, follow, max-snippet:-1, max-image-preview:large, max-video-preview:-1\" \/>\n<link rel=\"canonical\" href=\"https:\/\/www.aceiteentrecaminos.com\/en\/\" \/>\n<meta property=\"og:locale\" content=\"en_US\" \/>\n<meta property=\"og:type\" content=\"article\" \/>\n<meta property=\"og:title\" content=\"ENTRE CAMINOS - Aceite de Oliva Virgen Extra Ecol\u00f3gico\" \/>\n<meta property=\"og:description\" content=\"Nuestro aceite de oliva virgen extra ecol\u00f3gico de producci\u00f3n propia temprana, tiene un sabor ligeramente amargo, con un toque picante algo m\u00e1s intenso, junto con la composici\u00f3n de \u00e1cido oleico y antioxidantes muy equilibrados.\" \/>\n<meta property=\"og:url\" content=\"https:\/\/www.aceiteentrecaminos.com\/en\/\" \/>\n<meta property=\"og:site_name\" content=\"Aceite Entre caminos\" \/>\n<meta property=\"article:modified_time\" content=\"2019-03-15T12:54:16+00:00\" \/>\n<meta name=\"twitter:card\" content=\"summary_large_image\" \/>\n<meta name=\"twitter:label1\" content=\"Est. reading time\" \/>\n\t<meta name=\"twitter:data1\" content=\"4 minutes\" \/>\n<script type=\"application\/ld+json\" class=\"yoast-schema-graph\">{\"@context\":\"https:\\\/\\\/schema.org\",\"@graph\":[{\"@type\":\"WebPage\",\"@id\":\"https:\\\/\\\/www.aceiteentrecaminos.com\\\/en\\\/\",\"url\":\"https:\\\/\\\/www.aceiteentrecaminos.com\\\/en\\\/\",\"name\":\"ENTRE CAMINOS - Aceite de Oliva Virgen Extra Ecol\u00f3gico\",\"isPartOf\":{\"@id\":\"https:\\\/\\\/www.aceiteentrecaminos.com\\\/en\\\/#website\"},\"datePublished\":\"2018-12-07T11:42:18+00:00\",\"dateModified\":\"2019-03-15T12:54:16+00:00\",\"description\":\"Nuestro aceite de oliva virgen extra ecol\u00f3gico de producci\u00f3n propia temprana, tiene un sabor ligeramente amargo, con un toque picante algo m\u00e1s intenso, junto con la composici\u00f3n de \u00e1cido oleico y antioxidantes muy equilibrados.\",\"breadcrumb\":{\"@id\":\"https:\\\/\\\/www.aceiteentrecaminos.com\\\/en\\\/#breadcrumb\"},\"inLanguage\":\"en-US\",\"potentialAction\":[{\"@type\":\"ReadAction\",\"target\":[\"https:\\\/\\\/www.aceiteentrecaminos.com\\\/en\\\/\"]}]},{\"@type\":\"BreadcrumbList\",\"@id\":\"https:\\\/\\\/www.aceiteentrecaminos.com\\\/en\\\/#breadcrumb\",\"itemListElement\":[{\"@type\":\"ListItem\",\"position\":1,\"name\":\"Portada\",\"item\":\"https:\\\/\\\/www.aceiteentrecaminos.com\\\/en\\\/\"},{\"@type\":\"ListItem\",\"position\":2,\"name\":\"HOME\"}]},{\"@type\":\"WebSite\",\"@id\":\"https:\\\/\\\/www.aceiteentrecaminos.com\\\/en\\\/#website\",\"url\":\"https:\\\/\\\/www.aceiteentrecaminos.com\\\/en\\\/\",\"name\":\"Aceite Entre caminos\",\"description\":\"Aceite de Oliva Virgen Extra Ecol\u00f3gico\",\"potentialAction\":[{\"@type\":\"SearchAction\",\"target\":{\"@type\":\"EntryPoint\",\"urlTemplate\":\"https:\\\/\\\/www.aceiteentrecaminos.com\\\/en\\\/?s={search_term_string}\"},\"query-input\":{\"@type\":\"PropertyValueSpecification\",\"valueRequired\":true,\"valueName\":\"search_term_string\"}}],\"inLanguage\":\"en-US\"}]}<\/script>\n<!-- \/ Yoast SEO plugin. -->","yoast_head_json":{"title":"ENTRE CAMINOS - Aceite de Oliva Virgen Extra Ecol\u00f3gico","description":"Nuestro aceite de oliva virgen extra ecol\u00f3gico de producci\u00f3n propia temprana, tiene un sabor ligeramente amargo, con un toque picante algo m\u00e1s intenso, junto con la composici\u00f3n de \u00e1cido oleico y antioxidantes muy equilibrados.","robots":{"index":"index","follow":"follow","max-snippet":"max-snippet:-1","max-image-preview":"max-image-preview:large","max-video-preview":"max-video-preview:-1"},"canonical":"https:\/\/www.aceiteentrecaminos.com\/en\/","og_locale":"en_US","og_type":"article","og_title":"ENTRE CAMINOS - Aceite de Oliva Virgen Extra Ecol\u00f3gico","og_description":"Nuestro aceite de oliva virgen extra ecol\u00f3gico de producci\u00f3n propia temprana, tiene un sabor ligeramente amargo, con un toque picante algo m\u00e1s intenso, junto con la composici\u00f3n de \u00e1cido oleico y antioxidantes muy equilibrados.","og_url":"https:\/\/www.aceiteentrecaminos.com\/en\/","og_site_name":"Aceite Entre caminos","article_modified_time":"2019-03-15T12:54:16+00:00","twitter_card":"summary_large_image","twitter_misc":{"Est. reading time":"4 minutes"},"schema":{"@context":"https:\/\/schema.org","@graph":[{"@type":"WebPage","@id":"https:\/\/www.aceiteentrecaminos.com\/en\/","url":"https:\/\/www.aceiteentrecaminos.com\/en\/","name":"ENTRE CAMINOS - Aceite de Oliva Virgen Extra Ecol\u00f3gico","isPartOf":{"@id":"https:\/\/www.aceiteentrecaminos.com\/en\/#website"},"datePublished":"2018-12-07T11:42:18+00:00","dateModified":"2019-03-15T12:54:16+00:00","description":"Nuestro aceite de oliva virgen extra ecol\u00f3gico de producci\u00f3n propia temprana, tiene un sabor ligeramente amargo, con un toque picante algo m\u00e1s intenso, junto con la composici\u00f3n de \u00e1cido oleico y antioxidantes muy equilibrados.","breadcrumb":{"@id":"https:\/\/www.aceiteentrecaminos.com\/en\/#breadcrumb"},"inLanguage":"en-US","potentialAction":[{"@type":"ReadAction","target":["https:\/\/www.aceiteentrecaminos.com\/en\/"]}]},{"@type":"BreadcrumbList","@id":"https:\/\/www.aceiteentrecaminos.com\/en\/#breadcrumb","itemListElement":[{"@type":"ListItem","position":1,"name":"Portada","item":"https:\/\/www.aceiteentrecaminos.com\/en\/"},{"@type":"ListItem","position":2,"name":"HOME"}]},{"@type":"WebSite","@id":"https:\/\/www.aceiteentrecaminos.com\/en\/#website","url":"https:\/\/www.aceiteentrecaminos.com\/en\/","name":"Aceite Entre caminos","description":"Aceite de Oliva Virgen Extra Ecol\u00f3gico","potentialAction":[{"@type":"SearchAction","target":{"@type":"EntryPoint","urlTemplate":"https:\/\/www.aceiteentrecaminos.com\/en\/?s={search_term_string}"},"query-input":{"@type":"PropertyValueSpecification","valueRequired":true,"valueName":"search_term_string"}}],"inLanguage":"en-US"}]}},"_links":{"self":[{"href":"https:\/\/www.aceiteentrecaminos.com\/en\/wp-json\/wp\/v2\/pages\/600","targetHints":{"allow":["GET"]}}],"collection":[{"href":"https:\/\/www.aceiteentrecaminos.com\/en\/wp-json\/wp\/v2\/pages"}],"about":[{"href":"https:\/\/www.aceiteentrecaminos.com\/en\/wp-json\/wp\/v2\/types\/page"}],"author":[{"embeddable":true,"href":"https:\/\/www.aceiteentrecaminos.com\/en\/wp-json\/wp\/v2\/users\/1"}],"replies":[{"embeddable":true,"href":"https:\/\/www.aceiteentrecaminos.com\/en\/wp-json\/wp\/v2\/comments?post=600"}],"version-history":[{"count":4,"href":"https:\/\/www.aceiteentrecaminos.com\/en\/wp-json\/wp\/v2\/pages\/600\/revisions"}],"predecessor-version":[{"id":622,"href":"https:\/\/www.aceiteentrecaminos.com\/en\/wp-json\/wp\/v2\/pages\/600\/revisions\/622"}],"wp:attachment":[{"href":"https:\/\/www.aceiteentrecaminos.com\/en\/wp-json\/wp\/v2\/media?parent=600"}],"curies":[{"name":"wp","href":"https:\/\/api.w.org\/{rel}","templated":true}]}}